{"id":47,"date":"2012-12-22T11:22:46","date_gmt":"2012-12-22T10:22:46","guid":{"rendered":"http:\/\/95.216.152.204\/?page_id=47"},"modified":"2017-12-30T17:08:48","modified_gmt":"2017-12-30T16:08:48","slug":"ubungsblatter-relativitatstheorie","status":"publish","type":"page","link":"http:\/\/astronomie-erding.de\/?page_id=47","title":{"rendered":"Materialien zum Workshop Relativit\u00e4tstheorie"},"content":{"rendered":"<p><strong>Vorlesungs-Videos<\/strong><\/p>\n<p>Grundlage des Workshops sind die Video-Vorlesungen von Prof. Leonard Susskind:<\/p>\n<p><a href=\"http:\/\/theoreticalminimum.com\/courses\/general-relativity\/2008\/fall\" target=\"_blank\">Video-Vorlesungen<\/a><\/p>\n<p><strong>Skript zur Vorlesung<\/strong><\/p>\n<p>Das Skript zur Allgemeinen Relativit\u00e4tstheorie (work in progress &#8230;) basiert zu gro\u00dfen Teilen auf der Vorlesung von Leonard Susskind.[wpdm_file id=15]<\/p>\n<p><strong>Aufgabenbl\u00e4tter<\/strong><\/p>\n<p>Das Rechnen von \u00dcbungsaufgaben vertieft und festigt den Stoff aus den Video-Lektionen. Die \u00dcbungen werden als Hausaufgabe gestellt und dann im Workshop besprochen. Die bisher gestellten Aufgaben stehen hier zum Download zur Verf\u00fcgung:<\/p>\n<p>[wpdm_file id=14]<\/p>\n<p>[wpdm_file id=8]<\/p>\n<p>[wpdm_file id=7]<\/p>\n<p>[wpdm_file id=6]<\/p>\n<p>[wpdm_file id=5]<\/p>\n<p>[wpdm_file id=4]<\/p>\n<p>[wpdm_file id=3]<\/p>\n<p>[wpdm_file id=1]<\/p>\n<p>[wpdm_file id=9]<\/p>\n<p>[wpdm_file id=10]<\/p>\n<p>[wpdm_file id=11]<\/p>\n<p>[wpdm_file id=12]<\/p>\n<p>[wpdm_file id=13]<\/p>\n<p><strong>Empfehlenswerte Links<\/strong><\/p>\n<p><strong>Einf\u00fchrung in die Tensorrechnung<\/strong><\/p>\n<p>Sehr verst\u00e4ndliche Vorlesung von Prof. Paul Wagner (Uni Wien) f\u00fcr Erstsemster. Die Vorlesung beginnt bei der Addition von Vektoren und f\u00fchrt bis zum Kr\u00fcmmungstensor.<\/p>\n<p><a href=\"https:\/\/www.youtube.com\/playlist?list=PLrWrjvhC1doYFByG82bJp5mGw-ZV00CUm\">Einf\u00fchrung in die Vektor- und Tensorrechnung I (11 Einheiten) &#8211; YouTube &#8211; YouTube<\/a><\/p>\n<p><a href=\"https:\/\/www.youtube.com\/playlist?list=PLrWrjvhC1doZ-1deZ9eM7NYoewh2tM2i3\">Einf\u00fchrung in die Vektor- und Tensorrechnung II (14 Einheiten) &#8211; YouTube &#8211; YouTube<\/a><\/p>\n<p><strong>Epstein-Diagramme<\/strong> als Alternative zu den bekannten Minkowski-Diagrammen. Sehr intuitiv!<\/p>\n<p><a href=\"http:\/\/www.relativity.li\/de\/epstein\/lesen\/\">Online lesen<\/a><\/p>\n<p><strong>Spacetime and Geometry von Sean M. Carroll:<\/strong><\/p>\n<p>Skript in Englisch, etwas h\u00f6heres Niveau.<\/p>\n<p><a title=\"Lecture Notes von Sean M. Carroll\" href=\"http:\/\/ned.ipac.caltech.edu\/level5\/March01\/Carroll3\/Carroll_contents.html\" target=\"_blank\">Lecture Notes on General Relativity<\/a><\/p>\n<p><strong>Weitere Videos:<\/strong><\/p>\n<p>Prof. Dan Fleisch erkl\u00e4rt in 12 min, was ein Tensor ist.<\/p>\n<p><iframe loading=\"lazy\" width=\"584\" height=\"329\" src=\"https:\/\/www.youtube.com\/embed\/f5liqUk0ZTw?feature=oembed\" frameborder=\"0\" gesture=\"media\" allow=\"encrypted-media\" allowfullscreen><\/iframe><\/p>\n","protected":false},"excerpt":{"rendered":"<p>Vorlesungs-Videos Grundlage des Workshops sind die Video-Vorlesungen von Prof. Leonard Susskind: Video-Vorlesungen Skript zur Vorlesung Das Skript zur Allgemeinen Relativit\u00e4tstheorie (work in progress &#8230;) basiert zu gro\u00dfen Teilen auf der Vorlesung von Leonard Susskind.[wpdm_file id=15] Aufgabenbl\u00e4tter Das Rechnen von \u00dcbungsaufgaben &hellip; <a href=\"http:\/\/astronomie-erding.de\/?page_id=47\">Weiterlesen <span class=\"meta-nav\">&rarr;<\/span><\/a><\/p>\n","protected":false},"author":1,"featured_media":0,"parent":5,"menu_order":0,"comment_status":"open","ping_status":"closed","template":"","meta":{"footnotes":""},"aioseo_notices":[],"_links":{"self":[{"href":"http:\/\/astronomie-erding.de\/index.php?rest_route=\/wp\/v2\/pages\/47"}],"collection":[{"href":"http:\/\/astronomie-erding.de\/index.php?rest_route=\/wp\/v2\/pages"}],"about":[{"href":"http:\/\/astronomie-erding.de\/index.php?rest_route=\/wp\/v2\/types\/page"}],"author":[{"embeddable":true,"href":"http:\/\/astronomie-erding.de\/index.php?rest_route=\/wp\/v2\/users\/1"}],"replies":[{"embeddable":true,"href":"http:\/\/astronomie-erding.de\/index.php?rest_route=%2Fwp%2Fv2%2Fcomments&post=47"}],"version-history":[{"count":70,"href":"http:\/\/astronomie-erding.de\/index.php?rest_route=\/wp\/v2\/pages\/47\/revisions"}],"predecessor-version":[{"id":890,"href":"http:\/\/astronomie-erding.de\/index.php?rest_route=\/wp\/v2\/pages\/47\/revisions\/890"}],"up":[{"embeddable":true,"href":"http:\/\/astronomie-erding.de\/index.php?rest_route=\/wp\/v2\/pages\/5"}],"wp:attachment":[{"href":"http:\/\/astronomie-erding.de\/index.php?rest_route=%2Fwp%2Fv2%2Fmedia&parent=47"}],"curies":[{"name":"wp","href":"https:\/\/api.w.org\/{rel}","templated":true}]}}