{"id":5,"date":"2012-12-20T22:53:53","date_gmt":"2012-12-20T20:53:53","guid":{"rendered":"http:\/\/95.216.152.204\/?page_id=5"},"modified":"2013-12-21T15:54:03","modified_gmt":"2013-12-21T14:54:03","slug":"workshop-allgemeine-relativitatstheorie","status":"publish","type":"page","link":"http:\/\/astronomie-erding.de\/?page_id=5","title":{"rendered":"Workshop Allgemeine Relativit\u00e4tstheorie"},"content":{"rendered":"<p style=\"text-align: left;\"><strong>an der VHS Erding im Wintersemester 2013\/2014<\/strong><\/p>\n<p style=\"text-align: center;\"><img src='http:\/\/s0.wp.com\/latex.php?latex=R_%7B%5Cmu%5Cnu%7D+-+%5Cfrac%7B1%7D%7B2%7D+g_%7B%5Cmu%5Cnu%7D+R+%3D+%5Ckappa+T_%7B%5Cmu%5Cnu%7D&#038;bg=ffffff&#038;fg=000000&#038;s=0' alt='R_{\\mu\\nu} - \\frac{1}{2} g_{\\mu\\nu} R = \\kappa T_{\\mu\\nu}' title='R_{\\mu\\nu} - \\frac{1}{2} g_{\\mu\\nu} R = \\kappa T_{\\mu\\nu}' class='latex' \/><\/p>\n<div id=\"attachment_335\" style=\"width: 310px\" class=\"wp-caption alignnone\"><a href=\"http:\/\/95.216.152.204\/wp-content\/uploads\/2013\/03\/20130305_203307-e1373223301764.jpg\"><img loading=\"lazy\" decoding=\"async\" aria-describedby=\"caption-attachment-335\" class=\"size-medium wp-image-335 \" alt=\"Der Kommutator von 2 kovarianten Ableitungen ergibt den Riemannschen Kr\u00fcmmungstensor!\" src=\"http:\/\/95.216.152.204\/wp-content\/uploads\/2013\/03\/20130305_203307-300x225.jpg\" width=\"300\" height=\"225\" \/><\/a><p id=\"caption-attachment-335\" class=\"wp-caption-text\">Der Kommutator von 2 kovarianten Ableitungen ergibt den Riemannschen Kr\u00fcmmungstensor!<\/p><\/div>\n<p>Ziel des Kurses ist es, die mathematischen Grundprinzipien der Allgemeinen Relativit\u00e4tstheorie (ART) zu verstehen. Die ART findet ihre Anwendung in der Theorie Schwarzer L\u00f6cher, bei Gravitationswellen sowie der in der Kosmologie.<\/p>\n<p>Themen sind u.a.: Wiederholung mathematischer Grundlagen (Lineare Algebra, mehrdimensionale Analysis), Koordinatensysteme und -transformationen, Vektoren, Tensoren, Tensoranalysis, Geod\u00e4ten, Parallelverschiebung, Riemannscher Kr\u00fcmmungstensor, Energie-Impuls-Tensor und die Allgemeinen Feldgleichungen einschlie\u00dflich der Schwarzschild-Metrik.<\/p>\n<p>Die Voraussetzung f\u00fcr eine erfolgreiche Teilnahme sind Freude an der Mathematik, Grundlagen in Linearer Algebra und Analysis sowie Grundkenntnisse der Speziellen Relativit\u00e4tstheorie.<\/p>\n<p>Leitung: Ludwig Rossmeier und Dr. Christophe Claude<\/p>\n<p>Hier geht&#8217;s zur<a href=\"https:\/\/www.ssl-id.de\/vhs-erding.de\/index.php?id=15&amp;urlparameter=kathaupt%3A12%3Bknr:G3310;\" target=\"_blank\"> Anmeldung bei der VHS Erding.<\/a> (Kurs Nr. G3310).<\/p>\n<p>&nbsp;<\/p>\n<p>&nbsp;<\/p>\n<p>&nbsp;<\/p>\n<p>&nbsp;<\/p>\n<p>&nbsp;<\/p>\n<p>&nbsp;<\/p>\n<p>&nbsp;<\/p>\n","protected":false},"excerpt":{"rendered":"<p>an der VHS Erding im Wintersemester 2013\/2014 Ziel des Kurses ist es, die mathematischen Grundprinzipien der Allgemeinen Relativit\u00e4tstheorie (ART) zu verstehen. Die ART findet ihre Anwendung in der Theorie Schwarzer L\u00f6cher, bei Gravitationswellen sowie der in der Kosmologie. Themen sind &hellip; <a href=\"http:\/\/astronomie-erding.de\/?page_id=5\">Weiterlesen <span class=\"meta-nav\">&rarr;<\/span><\/a><\/p>\n","protected":false},"author":1,"featured_media":0,"parent":0,"menu_order":0,"comment_status":"open","ping_status":"open","template":"","meta":{"footnotes":""},"aioseo_notices":[],"_links":{"self":[{"href":"http:\/\/astronomie-erding.de\/index.php?rest_route=\/wp\/v2\/pages\/5"}],"collection":[{"href":"http:\/\/astronomie-erding.de\/index.php?rest_route=\/wp\/v2\/pages"}],"about":[{"href":"http:\/\/astronomie-erding.de\/index.php?rest_route=\/wp\/v2\/types\/page"}],"author":[{"embeddable":true,"href":"http:\/\/astronomie-erding.de\/index.php?rest_route=\/wp\/v2\/users\/1"}],"replies":[{"embeddable":true,"href":"http:\/\/astronomie-erding.de\/index.php?rest_route=%2Fwp%2Fv2%2Fcomments&post=5"}],"version-history":[{"count":46,"href":"http:\/\/astronomie-erding.de\/index.php?rest_route=\/wp\/v2\/pages\/5\/revisions"}],"predecessor-version":[{"id":669,"href":"http:\/\/astronomie-erding.de\/index.php?rest_route=\/wp\/v2\/pages\/5\/revisions\/669"}],"wp:attachment":[{"href":"http:\/\/astronomie-erding.de\/index.php?rest_route=%2Fwp%2Fv2%2Fmedia&parent=5"}],"curies":[{"name":"wp","href":"https:\/\/api.w.org\/{rel}","templated":true}]}}